{"id":14,"date":"2019-11-13T10:58:11","date_gmt":"2019-11-13T10:58:11","guid":{"rendered":"http:\/\/buntesleben.noah-brett.de\/?page_id=14"},"modified":"2020-07-26T17:49:54","modified_gmt":"2020-07-26T17:49:54","slug":"ueber-den-verein","status":"publish","type":"page","link":"https:\/\/www.buntes-leben-hn.de\/Wordpress\/?page_id=14","title":{"rendered":"\u00dcber den Verein"},"content":{"rendered":"\n<p>Der Verein Buntes Leben Heilbronn e. V. wurde einerseits gegr\u00fcndet, um die Entstehung einer lebendigen und vielseitigen Hausgemeinschaft in der Happelstrasse 22\/24 zu unterst\u00fctzen. Alle Hausbewohner &#8211; Familien, Alleinstehende, Kinder, Senioren, Studenten und Menschen mit  Handicap &#8211; sollen sich angesprochen f\u00fchlen. Dar\u00fcber hinaus engagiert sich der Verein durch Vortr\u00e4ge und Informationsveranstaltungen, um insbesondere inklusive Wohnformen zu unterst\u00fctzen und das &#8222;Miteinander&#8220; in der Gesellschaft zu st\u00e4rken.<\/p>\n\n\n\n<p>Der Verein Buntes Leben Heilbronn e.V. wird von dem Vorstandsteam Anne Sandrisser, Andrea Rauch und Iris Lang vertreten. Bei weitergehenden Fragen k\u00f6nnen Sie sich gerne \u00fcber diese E-Mail-Adresse an uns werden:  <strong>info@buntes-leben-hn.de<\/strong><\/p>\n\n\n\n<p>Wenn Sie Mitglied im Verein Buntes Leben Heilbronn e.V. werden m\u00f6chten ist hier die Beitrittserkl\u00e4rung zum Download verf\u00fcgbar: <\/p>\n\n\n\n<div class=\"wp-block-file\"><a href=\"http:\/\/www.buntes-leben-hn.de\/Wordpress\/wp-content\/uploads\/2020\/07\/Beitrittserkl\u00c3\u00a4rung.pdf\">Beitrittserkl\u00e4rung<\/a><a href=\"http:\/\/www.buntes-leben-hn.de\/Wordpress\/wp-content\/uploads\/2020\/07\/Beitrittserkl\u00c3\u00a4rung.pdf\" class=\"wp-block-file__button\" download>Herunterladen<\/a><\/div>\n\n\n\n<p>Unser Verein finanziert sich durch Mitgliedsbeitr\u00e4ge und ist sonst auf Spenden angewiesen.  Sie k\u00f6nnen  uns gerne unterst\u00fctzen und Ihre Spende auf folgendes Konto \u00fcberweisen:<\/p>\n\n\n\n<p>Kreissparkasse Heilbronn<br>IBAN DE12 6205 0000 0000 4099 31<br>BIC HEISDE66XXX<br><br>Gerne erhalten Sie von uns eine Spendenbescheinigung. Kontaktieren Sie uns hierzu bitte unter der E-Mail-Adresse:  info@buntes-leben-hn.de<\/p>\n\n\n\n<p><\/p>\n\n\n<p><\/p>\n\n\n<figure class=\"wp-block-gallery columns-0 is-cropped wp-block-gallery-1 is-layout-flex wp-block-gallery-is-layout-flex\"><ul class=\"blocks-gallery-grid\"><\/ul><\/figure>\n\n\n\n<p><\/p>\n","protected":false},"excerpt":{"rendered":"<p>Der Verein Buntes Leben Heilbronn e. V. wurde einerseits gegr\u00fcndet, um die Entstehung einer lebendigen und vielseitigen Hausgemeinschaft in der Happelstrasse 22\/24 zu unterst\u00fctzen. Alle Hausbewohner &#8211; Familien, Alleinstehende, Kinder, Senioren, Studenten und Menschen mit Handicap &#8211; sollen sich angesprochen f\u00fchlen. Dar\u00fcber hinaus engagiert sich der Verein durch Vortr\u00e4ge und Informationsveranstaltungen, um insbesondere inklusive Wohnformen &hellip; <\/p>\n<p class=\"link-more\"><a href=\"https:\/\/www.buntes-leben-hn.de\/Wordpress\/?page_id=14\" class=\"more-link\"><span class=\"screen-reader-text\">\u201e\u00dcber den Verein\u201c<\/span> weiterlesen<\/a><\/p>\n","protected":false},"author":1,"featured_media":0,"parent":0,"menu_order":0,"comment_status":"closed","ping_status":"closed","template":"","meta":{"footnotes":""},"class_list":["post-14","page","type-page","status-publish","hentry"],"_links":{"self":[{"href":"https:\/\/www.buntes-leben-hn.de\/Wordpress\/index.php?rest_route=\/wp\/v2\/pages\/14","targetHints":{"allow":["GET"]}}],"collection":[{"href":"https:\/\/www.buntes-leben-hn.de\/Wordpress\/index.php?rest_route=\/wp\/v2\/pages"}],"about":[{"href":"https:\/\/www.buntes-leben-hn.de\/Wordpress\/index.php?rest_route=\/wp\/v2\/types\/page"}],"author":[{"embeddable":true,"href":"https:\/\/www.buntes-leben-hn.de\/Wordpress\/index.php?rest_route=\/wp\/v2\/users\/1"}],"replies":[{"embeddable":true,"href":"https:\/\/www.buntes-leben-hn.de\/Wordpress\/index.php?rest_route=%2Fwp%2Fv2%2Fcomments&post=14"}],"version-history":[{"count":16,"href":"https:\/\/www.buntes-leben-hn.de\/Wordpress\/index.php?rest_route=\/wp\/v2\/pages\/14\/revisions"}],"predecessor-version":[{"id":319,"href":"https:\/\/www.buntes-leben-hn.de\/Wordpress\/index.php?rest_route=\/wp\/v2\/pages\/14\/revisions\/319"}],"wp:attachment":[{"href":"https:\/\/www.buntes-leben-hn.de\/Wordpress\/index.php?rest_route=%2Fwp%2Fv2%2Fmedia&parent=14"}],"curies":[{"name":"wp","href":"https:\/\/api.w.org\/{rel}","templated":true}]}}