{"id":28,"date":"2019-11-13T11:09:59","date_gmt":"2019-11-13T11:09:59","guid":{"rendered":"http:\/\/buntesleben.noah-brett.de\/?page_id=28"},"modified":"2020-10-11T19:34:29","modified_gmt":"2020-10-11T19:34:29","slug":"das-projekt-happelstrasse","status":"publish","type":"page","link":"https:\/\/www.buntes-leben-hn.de\/Wordpress\/?page_id=28","title":{"rendered":"Von der Elterninitiative zum Wohnprojekt und dem Verein"},"content":{"rendered":"\n<p>Der Verein Buntes Leben Heilbronn e.V. ist aus einer Elterninitiative entstanden. Eine Gruppe von Eltern mit jugendlichen und erwachsenen Kindern mit einem k\u00f6rperlichen oder geistigen Handicap suchten nach einer Wohnform, die ein gemeinschaftliches, aber gleichzeitig in hohem Ma\u00dfe selbstst\u00e4ndiges Leben und Wohnen ihrer Kinder erm\u00f6glicht. Schnell war klar, dass die jungen Erwachsenen nicht in einer abgeschiedenen Idylle auf dem Land, sondern im urbanen Raum mitten unter anderen Menschen leben sollen. Das Wohnprojekt sollte weit \u00fcber ein &#8222;klassisches&#8220; Behindertenwohnprojekt hinausgehen. Es sollte auch Studenten, Familien mit und ohne Kinder, \u00e4ltere Personen und Alleinstehende einbeziehen.<\/p>\n\n\n\n<p>Nach langj\u00e4hriger Vorbereitung startete 2015 die Realisierung des au\u00dfergew\u00f6hnlichen Wohnprojektes. Zusammen mit einigen Investoren gr\u00fcndete die Initiative die <strong>Buntes Wohnen Heilbronn GmbH &amp; Co KG<\/strong>. Diese Gesellschaft kaufte von der Stadtsiedlung Heilbronn ein ca. 2.800 Quadratmeter gro\u00dfes Grundst\u00fcck auf dem Gel\u00e4nde des ehemaligen Heilbronner S\u00fcdbahnhofs. Ein Jahr sp\u00e4ter waren die umfangreichen Planungen abgeschlossen und der Bau der Wohnanlage mit 42 Wohnungen und einer Gewerbeeinheit konnte starten.<\/p>\n\n\n\n<p>Die Wohneinheiten sind so unterschiedlich und vielf\u00e4ltig wie das Leben. 3-, 4- und 5-Zimmerwohnungen f\u00fcr Familien, 1- und 2-Zimmerappartments f\u00fcr \u00c4ltere, Alleinstehende oder Studenten &#8211; alles angeordnet um einen ca. 400 m\u00b2 gro\u00dfen Innenhof, der als Wohnzimmer f\u00fcr alle dienen soll.<\/p>\n\n\n\n<p>Herzst\u00fcck des Wohnprojektes sind aber die sechs verschieden gro\u00dfen Wohngemeinschaften, in denen Menschen mit Handicap und Studenten zusammenwohnen. Die Koordination und Betreuung der Wohngemeinschaften erfolgt durch die <strong>Offene Hilfen gGmbH Heilbronn (OH)<\/strong>. 15 Menschen mit Handicap und Studenten wohnen gemeinsam in 8er-, 6er- oder 4er-Wohngemeinschaften. Die Studenten mieten ihr WG-Zimmer bei den Offenen Hilfen und haben gleichzeitig dort eine Anstellung als geringf\u00fcgig Besch\u00e4ftigte. Zus\u00e4tzlich zu den Pflege- und Betreuungskr\u00e4ften der OH, \u00fcbernehmen die Studenten Freizeitaktivit\u00e4ten als Dienste mit und f\u00fcr ihre Mitbewohner mit Hilfebedarf.<\/p>\n\n\n\n<p>Parallel zur Gr\u00fcndung der Gesellschaft f\u00fcr die Erstellung der Wohnanlage wurde der gemeinn\u00fctzige <strong>Verein Buntes Leben Heilbronn e.V.<\/strong> gegr\u00fcndet, um f\u00fcr alle Hausbewohner eine lebendige und vielseitige Hausgemeinschaft entstehen zu lassen. Die Angebote richten sich in erster Linie an alle Familien, Senioren, Studenten und Menschen mit Handicap im Haus. Dar\u00fcber hinaus will der Verein mit seinem Engagement aber \u00fcber die Wohnanlage in der Happelstrasse hinaus in das gesamte Wohnquartier am S\u00fcdbahnhof wirken und zur \u00fcberregionalen Verbreitung dieses Wohnkonzeptes beitragen. Gerne k\u00f6nnen auch Interessierte ohne Bezug zur Wohnanlage dem Verein beitreten und so zum Gelingen des Inklusionsgedankens beitragen.<\/p>\n\n\n\n<figure class=\"wp-block-gallery columns-0 is-cropped wp-block-gallery-1 is-layout-flex wp-block-gallery-is-layout-flex\"><ul class=\"blocks-gallery-grid\"><\/ul><\/figure>\n\n\n\n<p><\/p>\n\n\n\n<p><\/p>\n","protected":false},"excerpt":{"rendered":"<p>Der Verein Buntes Leben Heilbronn e.V. ist aus einer Elterninitiative entstanden. Eine Gruppe von Eltern mit jugendlichen und erwachsenen Kindern mit einem k\u00f6rperlichen oder geistigen Handicap suchten nach einer Wohnform, die ein gemeinschaftliches, aber gleichzeitig in hohem Ma\u00dfe selbstst\u00e4ndiges Leben und Wohnen ihrer Kinder erm\u00f6glicht. Schnell war klar, dass die jungen Erwachsenen nicht in einer &hellip; <\/p>\n<p class=\"link-more\"><a href=\"https:\/\/www.buntes-leben-hn.de\/Wordpress\/?page_id=28\" class=\"more-link\"><span class=\"screen-reader-text\">\u201eVon der Elterninitiative zum Wohnprojekt und dem Verein\u201c<\/span> weiterlesen<\/a><\/p>\n","protected":false},"author":1,"featured_media":0,"parent":0,"menu_order":0,"comment_status":"closed","ping_status":"closed","template":"","meta":{"footnotes":""},"class_list":["post-28","page","type-page","status-publish","hentry"],"_links":{"self":[{"href":"https:\/\/www.buntes-leben-hn.de\/Wordpress\/index.php?rest_route=\/wp\/v2\/pages\/28","targetHints":{"allow":["GET"]}}],"collection":[{"href":"https:\/\/www.buntes-leben-hn.de\/Wordpress\/index.php?rest_route=\/wp\/v2\/pages"}],"about":[{"href":"https:\/\/www.buntes-leben-hn.de\/Wordpress\/index.php?rest_route=\/wp\/v2\/types\/page"}],"author":[{"embeddable":true,"href":"https:\/\/www.buntes-leben-hn.de\/Wordpress\/index.php?rest_route=\/wp\/v2\/users\/1"}],"replies":[{"embeddable":true,"href":"https:\/\/www.buntes-leben-hn.de\/Wordpress\/index.php?rest_route=%2Fwp%2Fv2%2Fcomments&post=28"}],"version-history":[{"count":14,"href":"https:\/\/www.buntes-leben-hn.de\/Wordpress\/index.php?rest_route=\/wp\/v2\/pages\/28\/revisions"}],"predecessor-version":[{"id":338,"href":"https:\/\/www.buntes-leben-hn.de\/Wordpress\/index.php?rest_route=\/wp\/v2\/pages\/28\/revisions\/338"}],"wp:attachment":[{"href":"https:\/\/www.buntes-leben-hn.de\/Wordpress\/index.php?rest_route=%2Fwp%2Fv2%2Fmedia&parent=28"}],"curies":[{"name":"wp","href":"https:\/\/api.w.org\/{rel}","templated":true}]}}